{"id":134,"date":"2024-10-24T11:29:05","date_gmt":"2024-10-24T09:29:05","guid":{"rendered":"https:\/\/labofraternite.fr\/?page_id=134"},"modified":"2026-02-04T08:40:42","modified_gmt":"2026-02-04T07:40:42","slug":"accueil","status":"publish","type":"page","link":"https:\/\/labofraternite.fr\/","title":{"rendered":"Faire Fraternit\u00e9, Ensemble !"},"content":{"rendered":"\n<p>Libert\u00e9, \u00c9galit\u00e9\u2026 et la Fraternit\u00e9 ? Si les deux premiers piliers de notre devise r\u00e9publicaine sont encadr\u00e9s par des lois, la Fraternit\u00e9, bien qu\u2019elle soit le socle indispensable du lien social, reste sans cadre l\u00e9gal. Le Labo de la Fraternit\u00e9, n\u00e9 en 2017, agit pour tourner les projecteurs sur ce 3\u00e8me pilier de notre devise r\u00e9publicaine, d\u00e9j\u00e0 profond\u00e9ment ancr\u00e9 dans nos territoires. Ce collectif de plus de 20 organisations et de nombreux partenaires travaillent \u00e0 valoriser et renforcer les initiatives existantes, \u00e0 soutenir de nouvelles actions sur le terrain, et \u00e0 porter un plaidoyer pour que la Fraternit\u00e9 soit au c\u0153ur de l\u2019action citoyenne et politique.<\/p>\n\n\n\n<div class=\"wp-block-buttons is-layout-flex wp-block-buttons-is-layout-flex\">\n<div class=\"wp-block-button\"><a class=\"wp-block-button__link wp-element-button\" href=\"https:\/\/labofraternite.fr\/index.php\/barometres-de-la-fraternite\/\">D\u00e9couvrez l&rsquo;\u00e9dition 2026 du barom\u00e8tre de la Fraternit\u00e9<\/a><\/div>\n<\/div>\n\n\n\n<div class=\"wp-block-buttons is-layout-flex wp-block-buttons-is-layout-flex\">\n<div class=\"wp-block-button\"><a class=\"wp-block-button__link wp-element-button\" href=\"https:\/\/labofraternite.fr\/index.php\/sengager\/\">De la France \u00ab archipel \u00bb \u00e0 la France fraternelle : 100 jours pour relever le d\u00e9fi !<\/a><\/div>\n<\/div>\n\n\n\n<p><\/p>\n","protected":false},"excerpt":{"rendered":"<p>Libert\u00e9, \u00c9galit\u00e9\u2026 et la Fraternit\u00e9 ? Si les deux premiers piliers de notre devise r\u00e9publicaine sont encadr\u00e9s par des lois, [&hellip;]<\/p>\n","protected":false},"author":2,"featured_media":175,"parent":0,"menu_order":0,"comment_status":"closed","ping_status":"closed","template":"","meta":{"site-sidebar-layout":"default","site-content-layout":"","ast-site-content-layout":"default","site-content-style":"default","site-sidebar-style":"default","ast-global-header-display":"","ast-banner-title-visibility":"","ast-main-header-display":"","ast-hfb-above-header-display":"","ast-hfb-below-header-display":"","ast-hfb-mobile-header-display":"","site-post-title":"","ast-breadcrumbs-content":"","ast-featured-img":"","footer-sml-layout":"","theme-transparent-header-meta":"","adv-header-id-meta":"","stick-header-meta":"","header-above-stick-meta":"","header-main-stick-meta":"","header-below-stick-meta":"","astra-migrate-meta-layouts":"default","ast-page-background-enabled":"default","ast-page-background-meta":{"desktop":{"background-color":"var(--ast-global-color-4)","background-image":"","background-repeat":"repeat","background-position":"center center","background-size":"auto","background-attachment":"scroll","background-type":"","background-media":"","overlay-type":"","overlay-color":"","overlay-opacity":"","overlay-gradient":""},"tablet":{"background-color":"","background-image":"","background-repeat":"repeat","background-position":"center center","background-size":"auto","background-attachment":"scroll","background-type":"","background-media":"","overlay-type":"","overlay-color":"","overlay-opacity":"","overlay-gradient":""},"mobile":{"background-color":"","background-image":"","background-repeat":"repeat","background-position":"center center","background-size":"auto","background-attachment":"scroll","background-type":"","background-media":"","overlay-type":"","overlay-color":"","overlay-opacity":"","overlay-gradient":""}},"ast-content-background-meta":{"desktop":{"background-color":"var(--ast-global-color-5)","background-image":"","background-repeat":"repeat","background-position":"center center","background-size":"auto","background-attachment":"scroll","background-type":"","background-media":"","overlay-type":"","overlay-color":"","overlay-opacity":"","overlay-gradient":""},"tablet":{"background-color":"var(--ast-global-color-5)","background-image":"","background-repeat":"repeat","background-position":"center center","background-size":"auto","background-attachment":"scroll","background-type":"","background-media":"","overlay-type":"","overlay-color":"","overlay-opacity":"","overlay-gradient":""},"mobile":{"background-color":"var(--ast-global-color-5)","background-image":"","background-repeat":"repeat","background-position":"center center","background-size":"auto","background-attachment":"scroll","background-type":"","background-media":"","overlay-type":"","overlay-color":"","overlay-opacity":"","overlay-gradient":""}},"footnotes":""},"class_list":["post-134","page","type-page","status-publish","has-post-thumbnail","hentry"],"_links":{"self":[{"href":"https:\/\/labofraternite.fr\/index.php\/wp-json\/wp\/v2\/pages\/134","targetHints":{"allow":["GET"]}}],"collection":[{"href":"https:\/\/labofraternite.fr\/index.php\/wp-json\/wp\/v2\/pages"}],"about":[{"href":"https:\/\/labofraternite.fr\/index.php\/wp-json\/wp\/v2\/types\/page"}],"author":[{"embeddable":true,"href":"https:\/\/labofraternite.fr\/index.php\/wp-json\/wp\/v2\/users\/2"}],"replies":[{"embeddable":true,"href":"https:\/\/labofraternite.fr\/index.php\/wp-json\/wp\/v2\/comments?post=134"}],"version-history":[{"count":10,"href":"https:\/\/labofraternite.fr\/index.php\/wp-json\/wp\/v2\/pages\/134\/revisions"}],"predecessor-version":[{"id":380,"href":"https:\/\/labofraternite.fr\/index.php\/wp-json\/wp\/v2\/pages\/134\/revisions\/380"}],"wp:featuredmedia":[{"embeddable":true,"href":"https:\/\/labofraternite.fr\/index.php\/wp-json\/wp\/v2\/media\/175"}],"wp:attachment":[{"href":"https:\/\/labofraternite.fr\/index.php\/wp-json\/wp\/v2\/media?parent=134"}],"curies":[{"name":"wp","href":"https:\/\/api.w.org\/{rel}","templated":true}]}}