{"id":345,"date":"2025-05-13T10:02:57","date_gmt":"2025-05-13T08:02:57","guid":{"rendered":"https:\/\/labofraternite.fr\/?page_id=345"},"modified":"2025-05-13T10:06:38","modified_gmt":"2025-05-13T08:06:38","slug":"la-fraternite-en-acte","status":"publish","type":"page","link":"https:\/\/labofraternite.fr\/index.php\/la-fraternite-en-acte\/","title":{"rendered":"La Fraternit\u00e9 en acte"},"content":{"rendered":"\n<p>Plongez dans l\u2019univers du Labo \u00e0 travers les podcasts du m\u00e9dia <a href=\"https:\/\/linktr.ee\/rosalie.media\">Rosalie<\/a>. \u00c9coutez les t\u00e9moignages authentiques et inspirants de trois de nos membres, qui partagent leurs parcours, leurs id\u00e9es et leur engagement. Ces r\u00e9cits illustrent les valeurs qui animent notre collectif et montrent comment la fraternit\u00e9 se vit au quotidien. Laissez-vous inspirer par ces voix qui font vivre la fraternit\u00e9 dans notre pays !<\/p>\n\n\n\n<div class=\"wp-block-media-text is-stacked-on-mobile\" style=\"grid-template-columns:24% auto\"><figure class=\"wp-block-media-text__media\"><img loading=\"lazy\" decoding=\"async\" width=\"1024\" height=\"1024\" src=\"https:\/\/labofraternite.fr\/wp-content\/uploads\/2025\/05\/Jaquette-episode-1-1024x1024.jpg\" alt=\"\" class=\"wp-image-346 size-full\" srcset=\"https:\/\/labofraternite.fr\/wp-content\/uploads\/2025\/05\/Jaquette-episode-1-1024x1024.jpg 1024w, https:\/\/labofraternite.fr\/wp-content\/uploads\/2025\/05\/Jaquette-episode-1-300x300.jpg 300w, https:\/\/labofraternite.fr\/wp-content\/uploads\/2025\/05\/Jaquette-episode-1-150x150.jpg 150w, https:\/\/labofraternite.fr\/wp-content\/uploads\/2025\/05\/Jaquette-episode-1-768x768.jpg 768w, https:\/\/labofraternite.fr\/wp-content\/uploads\/2025\/05\/Jaquette-episode-1-1536x1536.jpg 1536w, https:\/\/labofraternite.fr\/wp-content\/uploads\/2025\/05\/Jaquette-episode-1-2048x2048.jpg 2048w\" sizes=\"auto, (max-width: 1024px) 100vw, 1024px\" \/><\/figure><div class=\"wp-block-media-text__content\">\n<p><a href=\"https:\/\/www.podcastics.com\/episode\/332928\/link\/\" target=\"_blank\" rel=\"noreferrer noopener\">C&rsquo;est quoi une vraie rencontre ? Avec Nathalie Gatellier &#8211; La Fabrique du Nous<\/a><\/p>\n\n\n\n<figure class=\"wp-block-image size-large is-resized\"><img loading=\"lazy\" decoding=\"async\" width=\"1024\" height=\"451\" src=\"https:\/\/labofraternite.fr\/wp-content\/uploads\/2025\/05\/Logo-Fabrique-du-nous-1024x451.jpg\" alt=\"\" class=\"wp-image-351\" style=\"width:164px;height:auto\" srcset=\"https:\/\/labofraternite.fr\/wp-content\/uploads\/2025\/05\/Logo-Fabrique-du-nous-1024x451.jpg 1024w, https:\/\/labofraternite.fr\/wp-content\/uploads\/2025\/05\/Logo-Fabrique-du-nous-300x132.jpg 300w, https:\/\/labofraternite.fr\/wp-content\/uploads\/2025\/05\/Logo-Fabrique-du-nous-768x338.jpg 768w, https:\/\/labofraternite.fr\/wp-content\/uploads\/2025\/05\/Logo-Fabrique-du-nous.jpg 1477w\" sizes=\"auto, (max-width: 1024px) 100vw, 1024px\" \/><\/figure>\n<\/div><\/div>\n\n\n\n<div class=\"wp-block-media-text is-stacked-on-mobile\" style=\"grid-template-columns:24% auto\"><figure class=\"wp-block-media-text__media\"><img loading=\"lazy\" decoding=\"async\" width=\"1024\" height=\"1024\" src=\"https:\/\/labofraternite.fr\/wp-content\/uploads\/2025\/05\/Jaquette-episode-4-1024x1024.jpg\" alt=\"\" class=\"wp-image-347 size-full\" srcset=\"https:\/\/labofraternite.fr\/wp-content\/uploads\/2025\/05\/Jaquette-episode-4-1024x1024.jpg 1024w, https:\/\/labofraternite.fr\/wp-content\/uploads\/2025\/05\/Jaquette-episode-4-300x300.jpg 300w, https:\/\/labofraternite.fr\/wp-content\/uploads\/2025\/05\/Jaquette-episode-4-150x150.jpg 150w, https:\/\/labofraternite.fr\/wp-content\/uploads\/2025\/05\/Jaquette-episode-4-768x768.jpg 768w, https:\/\/labofraternite.fr\/wp-content\/uploads\/2025\/05\/Jaquette-episode-4-1536x1536.jpg 1536w, https:\/\/labofraternite.fr\/wp-content\/uploads\/2025\/05\/Jaquette-episode-4-2048x2048.jpg 2048w\" sizes=\"auto, (max-width: 1024px) 100vw, 1024px\" \/><\/figure><div class=\"wp-block-media-text__content\">\n<p><a href=\"https:\/\/www.podcastics.com\/episode\/332879\/link\/\" target=\"_blank\" rel=\"noreferrer noopener\">Peut-on vivre heureux avec des voisins ? Avec Atanase P\u00e9rifan &#8211; Voisins Solidaires<\/a><\/p>\n\n\n\n<figure class=\"wp-block-image size-full is-resized\"><img loading=\"lazy\" decoding=\"async\" width=\"225\" height=\"225\" src=\"https:\/\/labofraternite.fr\/wp-content\/uploads\/2025\/05\/telechargement.jpg\" alt=\"\" class=\"wp-image-352\" style=\"width:125px;height:auto\" srcset=\"https:\/\/labofraternite.fr\/wp-content\/uploads\/2025\/05\/telechargement.jpg 225w, https:\/\/labofraternite.fr\/wp-content\/uploads\/2025\/05\/telechargement-150x150.jpg 150w\" sizes=\"auto, (max-width: 225px) 100vw, 225px\" \/><\/figure>\n<\/div><\/div>\n\n\n\n<div class=\"wp-block-media-text is-stacked-on-mobile\" style=\"grid-template-columns:24% auto\"><figure class=\"wp-block-media-text__media\"><img loading=\"lazy\" decoding=\"async\" width=\"1024\" height=\"1024\" src=\"https:\/\/labofraternite.fr\/wp-content\/uploads\/2025\/05\/JAQUETTE-episode-7-1024x1024.jpg\" alt=\"\" class=\"wp-image-348 size-full\" srcset=\"https:\/\/labofraternite.fr\/wp-content\/uploads\/2025\/05\/JAQUETTE-episode-7-1024x1024.jpg 1024w, https:\/\/labofraternite.fr\/wp-content\/uploads\/2025\/05\/JAQUETTE-episode-7-300x300.jpg 300w, https:\/\/labofraternite.fr\/wp-content\/uploads\/2025\/05\/JAQUETTE-episode-7-150x150.jpg 150w, https:\/\/labofraternite.fr\/wp-content\/uploads\/2025\/05\/JAQUETTE-episode-7-768x768.jpg 768w, https:\/\/labofraternite.fr\/wp-content\/uploads\/2025\/05\/JAQUETTE-episode-7-1536x1536.jpg 1536w, https:\/\/labofraternite.fr\/wp-content\/uploads\/2025\/05\/JAQUETTE-episode-7-2048x2048.jpg 2048w\" sizes=\"auto, (max-width: 1024px) 100vw, 1024px\" \/><\/figure><div class=\"wp-block-media-text__content\">\n<p><a href=\"https:\/\/www.podcastics.com\/episode\/358394\/link\/\" target=\"_blank\" rel=\"noreferrer noopener\">Sans toit, pas sans toi ! Avec Marie-Flore Leclerc &#8211; Entourage<\/a><\/p>\n\n\n\n<figure class=\"wp-block-image size-large is-resized\"><img loading=\"lazy\" decoding=\"async\" width=\"1024\" height=\"212\" src=\"https:\/\/labofraternite.fr\/wp-content\/uploads\/2025\/05\/Logo-entourage-1024x212.png\" alt=\"\" class=\"wp-image-353\" style=\"width:187px;height:auto\" srcset=\"https:\/\/labofraternite.fr\/wp-content\/uploads\/2025\/05\/Logo-entourage-1024x212.png 1024w, https:\/\/labofraternite.fr\/wp-content\/uploads\/2025\/05\/Logo-entourage-300x62.png 300w, https:\/\/labofraternite.fr\/wp-content\/uploads\/2025\/05\/Logo-entourage-768x159.png 768w, https:\/\/labofraternite.fr\/wp-content\/uploads\/2025\/05\/Logo-entourage.png 1145w\" sizes=\"auto, (max-width: 1024px) 100vw, 1024px\" \/><\/figure>\n<\/div><\/div>\n\n\n\n<p><\/p>\n","protected":false},"excerpt":{"rendered":"<p>Plongez dans l\u2019univers du Labo \u00e0 travers les podcasts du m\u00e9dia Rosalie. \u00c9coutez les t\u00e9moignages authentiques et inspirants de trois [&hellip;]<\/p>\n","protected":false},"author":2,"featured_media":0,"parent":0,"menu_order":0,"comment_status":"closed","ping_status":"closed","template":"","meta":{"site-sidebar-layout":"default","site-content-layout":"","ast-site-content-layout":"default","site-content-style":"default","site-sidebar-style":"default","ast-global-header-display":"","ast-banner-title-visibility":"","ast-main-header-display":"","ast-hfb-above-header-display":"","ast-hfb-below-header-display":"","ast-hfb-mobile-header-display":"","site-post-title":"","ast-breadcrumbs-content":"","ast-featured-img":"","footer-sml-layout":"","theme-transparent-header-meta":"","adv-header-id-meta":"","stick-header-meta":"","header-above-stick-meta":"","header-main-stick-meta":"","header-below-stick-meta":"","astra-migrate-meta-layouts":"default","ast-page-background-enabled":"default","ast-page-background-meta":{"desktop":{"background-color":"var(--ast-global-color-4)","background-image":"","background-repeat":"repeat","background-position":"center center","background-size":"auto","background-attachment":"scroll","background-type":"","background-media":"","overlay-type":"","overlay-color":"","overlay-opacity":"","overlay-gradient":""},"tablet":{"background-color":"","background-image":"","background-repeat":"repeat","background-position":"center center","background-size":"auto","background-attachment":"scroll","background-type":"","background-media":"","overlay-type":"","overlay-color":"","overlay-opacity":"","overlay-gradient":""},"mobile":{"background-color":"","background-image":"","background-repeat":"repeat","background-position":"center center","background-size":"auto","background-attachment":"scroll","background-type":"","background-media":"","overlay-type":"","overlay-color":"","overlay-opacity":"","overlay-gradient":""}},"ast-content-background-meta":{"desktop":{"background-color":"var(--ast-global-color-5)","background-image":"","background-repeat":"repeat","background-position":"center center","background-size":"auto","background-attachment":"scroll","background-type":"","background-media":"","overlay-type":"","overlay-color":"","overlay-opacity":"","overlay-gradient":""},"tablet":{"background-color":"var(--ast-global-color-5)","background-image":"","background-repeat":"repeat","background-position":"center center","background-size":"auto","background-attachment":"scroll","background-type":"","background-media":"","overlay-type":"","overlay-color":"","overlay-opacity":"","overlay-gradient":""},"mobile":{"background-color":"var(--ast-global-color-5)","background-image":"","background-repeat":"repeat","background-position":"center center","background-size":"auto","background-attachment":"scroll","background-type":"","background-media":"","overlay-type":"","overlay-color":"","overlay-opacity":"","overlay-gradient":""}},"footnotes":""},"class_list":["post-345","page","type-page","status-publish","hentry"],"_links":{"self":[{"href":"https:\/\/labofraternite.fr\/index.php\/wp-json\/wp\/v2\/pages\/345","targetHints":{"allow":["GET"]}}],"collection":[{"href":"https:\/\/labofraternite.fr\/index.php\/wp-json\/wp\/v2\/pages"}],"about":[{"href":"https:\/\/labofraternite.fr\/index.php\/wp-json\/wp\/v2\/types\/page"}],"author":[{"embeddable":true,"href":"https:\/\/labofraternite.fr\/index.php\/wp-json\/wp\/v2\/users\/2"}],"replies":[{"embeddable":true,"href":"https:\/\/labofraternite.fr\/index.php\/wp-json\/wp\/v2\/comments?post=345"}],"version-history":[{"count":2,"href":"https:\/\/labofraternite.fr\/index.php\/wp-json\/wp\/v2\/pages\/345\/revisions"}],"predecessor-version":[{"id":354,"href":"https:\/\/labofraternite.fr\/index.php\/wp-json\/wp\/v2\/pages\/345\/revisions\/354"}],"wp:attachment":[{"href":"https:\/\/labofraternite.fr\/index.php\/wp-json\/wp\/v2\/media?parent=345"}],"curies":[{"name":"wp","href":"https:\/\/api.w.org\/{rel}","templated":true}]}}